{"id":100,"date":"2016-08-02T07:20:12","date_gmt":"2016-08-02T07:20:12","guid":{"rendered":"http:\/\/2016.pilatesgstaad.ch\/fr\/?page_id=100"},"modified":"2018-06-04T14:27:38","modified_gmt":"2018-06-04T12:27:38","slug":"postes-a-pourvoir","status":"publish","type":"page","link":"https:\/\/www.pilatesgstaad.ch\/fr\/postes-a-pourvoir\/","title":{"rendered":"Postes \u00e0 pourvoir"},"content":{"rendered":"<h2>Postes \u00e0 pourvoir<\/h2>\n<p>Sahasrara\u00a0est situ\u00e9 dans un site de vacances exceptionnel en activit\u00e9 hiver comme \u00e9t\u00e9, au c\u0153ur des magnifiques Alpes suisses. Il propose diff\u00e9rentes possibilit\u00e9s d&#8217;emplois saisonniers. Vous trouvez ci-apr\u00e8s des informations relatives aux postes \u00e0 pourvoir:<\/p>\n<p><span lang=\"fr\">Aucun poste d&#8217;emploi n&rsquo;est actuellement disponible<\/span>.<\/p>\n<p><u>Candidatures:<\/u><br \/>\nVeuillez envoyer votre curriculum vitae au:<\/p>\n<p><strong>Sahasrara SA<\/strong><br \/>\nattn Natasha Lutz<br \/>\nRoute des Monnaires 19<br \/>\n1660\u00a0Ch\u00e2teau-d&rsquo;Oex<br \/>\nSwitzerland<br \/>\nemail <a title=\"natasha@pilatesgstaad.ch\" href=\"mailto:natasha@pilatesgstaad.ch\">natasha@pilatesgstaad.ch<\/a><\/p>\n","protected":false},"excerpt":{"rendered":"<p>Postes \u00e0 pourvoir Sahasrara\u00a0est situ\u00e9 dans un site de vacances exceptionnel en activit\u00e9 hiver comme \u00e9t\u00e9, au c\u0153ur des magnifiques Alpes suisses. Il propose diff\u00e9rentes possibilit\u00e9s d&#8217;emplois saisonniers. Vous trouvez ci-apr\u00e8s des informations relatives aux postes \u00e0 pourvoir: Aucun poste d&#8217;emploi n&rsquo;est actuellement disponible. Candidatures:&#8230;<\/p>\n","protected":false},"author":1,"featured_media":0,"parent":0,"menu_order":0,"comment_status":"closed","ping_status":"closed","template":"","meta":{"footnotes":""},"class_list":["post-100","page","type-page","status-publish","hentry"],"_links":{"self":[{"href":"https:\/\/www.pilatesgstaad.ch\/fr\/wp-json\/wp\/v2\/pages\/100","targetHints":{"allow":["GET"]}}],"collection":[{"href":"https:\/\/www.pilatesgstaad.ch\/fr\/wp-json\/wp\/v2\/pages"}],"about":[{"href":"https:\/\/www.pilatesgstaad.ch\/fr\/wp-json\/wp\/v2\/types\/page"}],"author":[{"embeddable":true,"href":"https:\/\/www.pilatesgstaad.ch\/fr\/wp-json\/wp\/v2\/users\/1"}],"replies":[{"embeddable":true,"href":"https:\/\/www.pilatesgstaad.ch\/fr\/wp-json\/wp\/v2\/comments?post=100"}],"version-history":[{"count":5,"href":"https:\/\/www.pilatesgstaad.ch\/fr\/wp-json\/wp\/v2\/pages\/100\/revisions"}],"predecessor-version":[{"id":809,"href":"https:\/\/www.pilatesgstaad.ch\/fr\/wp-json\/wp\/v2\/pages\/100\/revisions\/809"}],"wp:attachment":[{"href":"https:\/\/www.pilatesgstaad.ch\/fr\/wp-json\/wp\/v2\/media?parent=100"}],"curies":[{"name":"wp","href":"https:\/\/api.w.org\/{rel}","templated":true}]}}