{"id":112,"date":"2016-08-02T07:23:22","date_gmt":"2016-08-02T07:23:22","guid":{"rendered":"http:\/\/2016.pilatesgstaad.ch\/fr\/?page_id=112"},"modified":"2017-05-10T08:19:49","modified_gmt":"2017-05-10T06:19:49","slug":"gazette-pilates","status":"publish","type":"page","link":"https:\/\/www.pilatesgstaad.ch\/fr\/gazette-pilates\/","title":{"rendered":"Gazette Pilates"},"content":{"rendered":"<h2>Gazette Pilates<\/h2>\n<p>\nLa Gazette Pilates est notre newsletter d\u2019informations paraissant chaque trimestre. Si vous d\u00e9sirez la recevoir \u00e0 l\u2019avenir, envoyez-nous <a href=\"mailto:natasha@pilatesgstaad.ch\">une demande<\/a>.<\/p>\n<p>Vous trouvez ci-dessous les \u00e9ditions pr\u00e9c\u00e9dentes:\n<\/p>\n<ul>\n<li><a href=\"http:\/\/www.pilatesgstaad.ch\/wp-content\/uploads\/2016\/12\/The_Pilates_Gazette_Issue_1_Autumn_2007.pdf\">Gazette Pilates num\u00e9ro 1 automne 2007<\/a><\/li>\n<li><a href=\"http:\/\/www.pilatesgstaad.ch\/wp-content\/uploads\/2016\/12\/The_Pilates_Gazette_Issue_2_Winter_2007.pdf\">Gazette Pilates num\u00e9ro 2 hiver 2007\/08<\/a><\/li>\n<li><a href=\"http:\/\/www.pilatesgstaad.ch\/wp-content\/uploads\/2016\/12\/The_Pilates_Gazette_Issue_3_Spring_2008.pdf\">Gazette Pilates num\u00e9ro 3 printemps 2008<\/a><\/li>\n<li><a href=\"http:\/\/www.pilatesgstaad.ch\/wp-content\/uploads\/2016\/12\/The_Pilates_Gazette_Issue_4_Summer_2008.pdf\">Gazette Pilates num\u00e9ro 4 \u00e9t\u00e9 2008<\/a><\/li>\n<li><a href=\"http:\/\/www.pilatesgstaad.ch\/wp-content\/uploads\/2016\/12\/The_Pilates_Gazette_Issue_5_Autumn_2008.pdf\">Gazette Pilates num\u00e9ro 5 automne 2008<\/a><\/li>\n<li><a href=\"http:\/\/www.pilatesgstaad.ch\/wp-content\/uploads\/2016\/12\/The_Pilates_Gazette_Issue_6_Winter_2008.pdf\">Gazette Pilates num\u00e9ro 6 hiver 2008\/09<\/a><\/li>\n<li><a href=\"http:\/\/www.pilatesgstaad.ch\/wp-content\/uploads\/2016\/12\/The_Pilates_Gazette_Issue_7_Spring_2009.pdf\">Gazette Pilates num\u00e9ro 7 printemps 2009<\/a><\/li>\n<li><a href=\"http:\/\/www.pilatesgstaad.ch\/wp-content\/uploads\/2016\/12\/The_Pilates_Gazette_Issue_8_Summer_2009.pdf\">Gazette Pilates num\u00e9ro 8 \u00e9t\u00e9 2009<\/a><\/li>\n<li><a href=\"http:\/\/www.pilatesgstaad.ch\/wp-content\/uploads\/2016\/12\/The_Pilates_Gazette_Issue_9_Autumn_2009.pdf\">Gazette Pilates num\u00e9ro 9 automne 2009<\/a><\/li>\n<li><a href=\"http:\/\/www.pilatesgstaad.ch\/wp-content\/uploads\/2016\/12\/The_Pilates_Gazette_Issue_10_Winter_2009.pdf\">Gazette Pilates num\u00e9ro 10 hiver 2009\/10<\/a><\/li>\n<li><a href=\"http:\/\/www.pilatesgstaad.ch\/wp-content\/uploads\/2016\/12\/The_Pilates_Gazette_Issue_11_Spring_2010.pdf\">Gazette Pilates num\u00e9ro 11 printemps 2010<\/a><\/li>\n<li><a title=\"The Pilates Gazette Issue 12 Summer 2010\" href=\"http:\/\/www.pilatesgstaad.ch\/wp-content\/uploads\/2016\/12\/The_Pilates_Gazette_Issue_12_Summer_2010.pdf\">Gazette Pilates num\u00e9ro 12 \u00e9t\u00e9 2010<\/a><\/li>\n<li><a title=\"The Pilates Gazette Issue 13 Autumn 2010\" href=\"http:\/\/www.pilatesgstaad.ch\/wp-content\/uploads\/2016\/12\/The_Pilates_Gazette_Issue_13_Autumn_2010.pdf\">Gazette Pilates num\u00e9ro\u00a013 automne 2010<\/a><\/li>\n<li><a title=\"The Pilates Gazette Issue 14 Winter 2010\/11\" href=\"http:\/\/www.pilatesgstaad.ch\/wp-content\/uploads\/2016\/12\/the_pilates_gazette_issue_14_winter_2010.pdf\">Gazette Pilates num\u00e9ro 14 Winter 2010\/11<\/a><\/li>\n<li><a title=\"Gazette Pilates num\u00e9ro 15 printemps 2011\" href=\"http:\/\/www.pilatesgstaad.ch\/wp-content\/uploads\/2016\/12\/The_Pilates_Gazette_Issue_15_Spring_2011.pdf\">Gazette Pilates num\u00e9ro\u00a015 printemps 2011<\/a><\/li>\n<li><a title=\"The Pilates Gazette Issue 16 Summer 2011\" href=\"http:\/\/www.pilatesgstaad.ch\/wp-content\/uploads\/2016\/12\/the_pilates_gazette_issue_16_summer_2011.pdf\">Gazette Pilates num\u00e9ro 16 \u00e9t\u00e9 2011<\/a><\/li>\n<li><a title=\"The Pilates Studio Gstaad, Issue 17, Autumn 2011\" href=\"http:\/\/www.pilatesgstaad.ch\/wp-content\/uploads\/2016\/12\/the_pilates_gazette_issue_17_autumn_2011.pdf\">Gazette Pilates num\u00e9ro\u00a017 automne 2011<\/a><\/li>\n<li><a title=\"The Pilates Gazette Issue 18 Winter 2011\/12\" href=\"http:\/\/www.pilatesgstaad.ch\/wp-content\/uploads\/2016\/12\/the_pilates_gazette_issue_18_winter_2011.pdf\">Gazette Pilates num\u00e9ro 18 Winter 2011\/12<\/a><\/li>\n<\/ul>\n","protected":false},"excerpt":{"rendered":"<p>Gazette Pilates La Gazette Pilates est notre newsletter d\u2019informations paraissant chaque trimestre. Si vous d\u00e9sirez la recevoir \u00e0 l\u2019avenir, envoyez-nous une demande. Vous trouvez ci-dessous les \u00e9ditions pr\u00e9c\u00e9dentes: Gazette Pilates num\u00e9ro 1 automne 2007 Gazette Pilates num\u00e9ro 2 hiver 2007\/08 Gazette Pilates num\u00e9ro 3 printemps&#8230;<\/p>\n","protected":false},"author":1,"featured_media":0,"parent":0,"menu_order":0,"comment_status":"closed","ping_status":"closed","template":"","meta":{"footnotes":""},"class_list":["post-112","page","type-page","status-publish","hentry"],"_links":{"self":[{"href":"https:\/\/www.pilatesgstaad.ch\/fr\/wp-json\/wp\/v2\/pages\/112","targetHints":{"allow":["GET"]}}],"collection":[{"href":"https:\/\/www.pilatesgstaad.ch\/fr\/wp-json\/wp\/v2\/pages"}],"about":[{"href":"https:\/\/www.pilatesgstaad.ch\/fr\/wp-json\/wp\/v2\/types\/page"}],"author":[{"embeddable":true,"href":"https:\/\/www.pilatesgstaad.ch\/fr\/wp-json\/wp\/v2\/users\/1"}],"replies":[{"embeddable":true,"href":"https:\/\/www.pilatesgstaad.ch\/fr\/wp-json\/wp\/v2\/comments?post=112"}],"version-history":[{"count":4,"href":"https:\/\/www.pilatesgstaad.ch\/fr\/wp-json\/wp\/v2\/pages\/112\/revisions"}],"predecessor-version":[{"id":683,"href":"https:\/\/www.pilatesgstaad.ch\/fr\/wp-json\/wp\/v2\/pages\/112\/revisions\/683"}],"wp:attachment":[{"href":"https:\/\/www.pilatesgstaad.ch\/fr\/wp-json\/wp\/v2\/media?parent=112"}],"curies":[{"name":"wp","href":"https:\/\/api.w.org\/{rel}","templated":true}]}}