{"id":125,"date":"2016-08-02T07:35:07","date_gmt":"2016-08-02T07:35:07","guid":{"rendered":"http:\/\/2016.pilatesgstaad.ch\/fr\/?page_id=125"},"modified":"2018-06-04T14:21:05","modified_gmt":"2018-06-04T12:21:05","slug":"bienvenue","status":"publish","type":"page","link":"https:\/\/www.pilatesgstaad.ch\/fr\/","title":{"rendered":"Bienvenue"},"content":{"rendered":"<section class=\"wpb-content-wrapper\"><p>[vc_row css_animation=\u00a0\u00bb\u00a0\u00bb row_type=\u00a0\u00bbrow\u00a0\u00bb use_row_as_full_screen_section=\u00a0\u00bbno\u00a0\u00bb type=\u00a0\u00bbfull_width\u00a0\u00bb angled_section=\u00a0\u00bbno\u00a0\u00bb text_align=\u00a0\u00bbleft\u00a0\u00bb background_image_as_pattern=\u00a0\u00bbwithout_pattern\u00a0\u00bb][vc_column offset=\u00a0\u00bbvc_hidden-lg vc_hidden-md\u00a0\u00bb][vc_widget_sidebar sidebar_id=\u00a0\u00bbheader_left\u00a0\u00bb][\/vc_column][\/vc_row][vc_row css_animation=\u00a0\u00bb\u00a0\u00bb row_type=\u00a0\u00bbrow\u00a0\u00bb use_row_as_full_screen_section=\u00a0\u00bbno\u00a0\u00bb type=\u00a0\u00bbfull_width\u00a0\u00bb angled_section=\u00a0\u00bbno\u00a0\u00bb text_align=\u00a0\u00bbleft\u00a0\u00bb background_image_as_pattern=\u00a0\u00bbwithout_pattern\u00a0\u00bb][vc_column][vc_column_text]<a href=\"http:\/\/www.pilatesgstaad.ch\/wp-content\/uploads\/2017\/06\/img_sahasrara_1.jpg\"><img loading=\"lazy\" decoding=\"async\" class=\"alignnone size-full wp-image-707\" src=\"http:\/\/www.pilatesgstaad.ch\/wp-content\/uploads\/2017\/06\/img_sahasrara_1.jpg\" alt=\"img_sahasrara_1\" width=\"1280\" height=\"720\" srcset=\"https:\/\/www.pilatesgstaad.ch\/wp-content\/uploads\/2017\/06\/img_sahasrara_1.jpg 1280w, https:\/\/www.pilatesgstaad.ch\/wp-content\/uploads\/2017\/06\/img_sahasrara_1-300x169.jpg 300w, https:\/\/www.pilatesgstaad.ch\/wp-content\/uploads\/2017\/06\/img_sahasrara_1-768x432.jpg 768w, https:\/\/www.pilatesgstaad.ch\/wp-content\/uploads\/2017\/06\/img_sahasrara_1-1024x576.jpg 1024w, https:\/\/www.pilatesgstaad.ch\/wp-content\/uploads\/2017\/06\/img_sahasrara_1-700x394.jpg 700w, https:\/\/www.pilatesgstaad.ch\/wp-content\/uploads\/2017\/06\/img_sahasrara_1-539x303.jpg 539w\" sizes=\"auto, (max-width: 1280px) 100vw, 1280px\" \/><\/a><\/p>\n<h2>Pilates, GYROTONIC\u00ae Method, and Yoga with Natasha Lutz<\/h2>\n<p>Bienvenue au Sahasrara &#8211; Pilates, <strong>GYROTONIC\u00ae<\/strong> Method, and Yoga with\u00a0Natasha Lutz.\u00a0<span lang=\"fr\">Situ\u00e9 dans la belle ville alpine de Ch\u00e2teau-d&rsquo;Oex, avec ses vues \u00e0 couper le souffle sur les Alpes suisses,<\/span> le studio est \u00e9quip\u00e9 enti\u00e8rement des appareils de Pilates les plus r\u00e9cents, ainsi que de la r\u00e9volutionnaire\u00a0<strong>GYROTONIC\u00ae<\/strong> <strong>Expansion System<\/strong>.<\/p>\n<p>Le studio applique une philosophie int\u00e9grante d&rsquo;entra\u00eenement: il d\u00e9veloppe un programme de Pilates adapt\u00e9 aux besoins individuels, visant l\u2019harmonie du corps et de l\u2019esprit. Chaque s\u00e9ance est programm\u00e9e sur mesure et englobe une gymnastique m\u00e9dicale au m\u00eame titre qu\u2019un entra\u00eenement g\u00e9n\u00e9ral pour les femmes enceintes et apr\u00e8s un accouchement, ainsi que pour les sportifs de haut niveau ou artistes.<\/p>\n<p>Votre sant\u00e9 et votre bien-\u00eatre sont notre pr\u00e9occupation premi\u00e8re. En tant que tel, nous travaillons en \u00e9troite collaboration avec les th\u00e9rapeutes locaux pour r\u00e9pondre \u00e0 vos besoins et atteindre vos objectifs.<\/p>\n<p>Nous vous encadrons bien au-del\u00e0 de votre visite \u00e0 notre studio: en vous remettant un mat\u00e9riel Pilates d&rsquo;excellente qualit\u00e9, nous vous encourageons \u00e0 poursuivre \u00e0 la maison vos exp\u00e9riences dans cette pratique. Nous vendons des ouvrages de r\u00e9f\u00e9rence, des DVD, des appareils et des v\u00eatements de fitness et disposons d\u2019une banque de donn\u00e9es compl\u00e8te de studios Pilates du meilleur niveau dans le monde entier, o\u00f9 vous pourrez trouver toute l\u2019aide d\u00e9sir\u00e9e.<\/p>\n<p>Notre objectif est de vous proposer des le\u00e7ons de Pilates et des services de la meilleure qualit\u00e9. Nous d\u00e9sirons que vous quittiez notre studio avec un sentiment de fra\u00eecheur, d\u2019\u00e9quilibre et une humeur radieuse.<\/p>\n<p><a href=\"http:\/\/www.pilatessuisse.ch\/\" target=\"_blank\" rel=\"noopener\"><img loading=\"lazy\" decoding=\"async\" class=\"alignleft\" title=\"Schweizerischer Pilates Verband\" src=\"http:\/\/2016.pilatesgstaad.ch\/wp-content\/uploads\/2016\/08\/Logo-Pilates.jpg\" alt=\"Schweizerischer Pilates Verband\" width=\"208\" height=\"107\" \/><\/a>\u00a0<a href=\"https:\/\/www.gyrotonic.com\/\" target=\"_blank\" rel=\"noopener\"><img loading=\"lazy\" decoding=\"async\" class=\"alignright\" src=\"http:\/\/2016.pilatesgstaad.ch\/wp-content\/uploads\/2016\/08\/Gyro-logo.jpg\" alt=\"Gyrotonic\" width=\"116\" height=\"108\" \/><\/a>[\/vc_column_text][\/vc_column][\/vc_row]<\/p>\n<\/section>","protected":false},"excerpt":{"rendered":"<p>[vc_row css_animation=\u00a0\u00bb\u00a0\u00bb row_type=\u00a0\u00bbrow\u00a0\u00bb use_row_as_full_screen_section=\u00a0\u00bbno\u00a0\u00bb type=\u00a0\u00bbfull_width\u00a0\u00bb angled_section=\u00a0\u00bbno\u00a0\u00bb text_align=\u00a0\u00bbleft\u00a0\u00bb background_image_as_pattern=\u00a0\u00bbwithout_pattern\u00a0\u00bb][vc_column offset=\u00a0\u00bbvc_hidden-lg vc_hidden-md\u00a0\u00bb][vc_widget_sidebar sidebar_id=\u00a0\u00bbheader_left\u00a0\u00bb][\/vc_column][\/vc_row][vc_row css_animation=\u00a0\u00bb\u00a0\u00bb row_type=\u00a0\u00bbrow\u00a0\u00bb use_row_as_full_screen_section=\u00a0\u00bbno\u00a0\u00bb type=\u00a0\u00bbfull_width\u00a0\u00bb angled_section=\u00a0\u00bbno\u00a0\u00bb text_align=\u00a0\u00bbleft\u00a0\u00bb background_image_as_pattern=\u00a0\u00bbwithout_pattern\u00a0\u00bb][vc_column][vc_column_text] Pilates, GYROTONIC\u00ae Method, and Yoga with Natasha Lutz Bienvenue au Sahasrara &#8211; Pilates, GYROTONIC\u00ae Method, and Yoga with\u00a0Natasha Lutz.\u00a0Situ\u00e9 dans la belle ville alpine de Ch\u00e2teau-d&rsquo;Oex, avec&#8230;<\/p>\n","protected":false},"author":1,"featured_media":0,"parent":0,"menu_order":0,"comment_status":"closed","ping_status":"closed","template":"","meta":{"footnotes":""},"class_list":["post-125","page","type-page","status-publish","hentry"],"_links":{"self":[{"href":"https:\/\/www.pilatesgstaad.ch\/fr\/wp-json\/wp\/v2\/pages\/125","targetHints":{"allow":["GET"]}}],"collection":[{"href":"https:\/\/www.pilatesgstaad.ch\/fr\/wp-json\/wp\/v2\/pages"}],"about":[{"href":"https:\/\/www.pilatesgstaad.ch\/fr\/wp-json\/wp\/v2\/types\/page"}],"author":[{"embeddable":true,"href":"https:\/\/www.pilatesgstaad.ch\/fr\/wp-json\/wp\/v2\/users\/1"}],"replies":[{"embeddable":true,"href":"https:\/\/www.pilatesgstaad.ch\/fr\/wp-json\/wp\/v2\/comments?post=125"}],"version-history":[{"count":5,"href":"https:\/\/www.pilatesgstaad.ch\/fr\/wp-json\/wp\/v2\/pages\/125\/revisions"}],"predecessor-version":[{"id":802,"href":"https:\/\/www.pilatesgstaad.ch\/fr\/wp-json\/wp\/v2\/pages\/125\/revisions\/802"}],"wp:attachment":[{"href":"https:\/\/www.pilatesgstaad.ch\/fr\/wp-json\/wp\/v2\/media?parent=125"}],"curies":[{"name":"wp","href":"https:\/\/api.w.org\/{rel}","templated":true}]}}