{"id":54,"date":"2016-08-02T06:52:25","date_gmt":"2016-08-02T06:52:25","guid":{"rendered":"http:\/\/2016.pilatesgstaad.ch\/fr\/?page_id=54"},"modified":"2017-05-09T09:08:41","modified_gmt":"2017-05-09T07:08:41","slug":"juliu-horvath","status":"publish","type":"page","link":"https:\/\/www.pilatesgstaad.ch\/fr\/gyrotonic-expansion-system\/juliu-horvath\/","title":{"rendered":"Juliu Horvath"},"content":{"rendered":"<h2>Juliu Horvath (1942 -) fondateur du syst\u00e8me GYROTONIC\u00ae et de GYROKINESIS\u00ae<\/h2>\n<p><img loading=\"lazy\" decoding=\"async\" class=\"imgRight\" src=\"http:\/\/2016.pilatesgstaad.ch\/wp-content\/uploads\/2016\/08\/Juliu-Horvath.jpg\" alt=\"Juliu Horvath\" width=\"230\" height=\"305\" \/><\/p>\n<p>Juliu Horvath (1942 -) fondateur du syst\u00e8me <strong class=\"gyrotonic\">GYROTONIC\u00ae<\/strong> et de <strong class=\"gyrotonic\">GYROKINESIS\u00ae<\/strong> Juliu Horvath est n\u00e9 en Roumanie. D\u00e9j\u00e0 pendant sa tendre enfance, son amour du mouvement se manifestait par ses succ\u00e8s en natation, en gymnastique artistique et en aviron.<\/p>\n<p>C\u2019est plus tard, \u00e0 19 ans seulement, qu\u2019il commen\u00e7a \u00e0 \u00e9tudier la danse classique puis devint tr\u00e8s vite danseur solo du ballet de l\u2019Etat roumain.<\/p>\n<p>En 1970, pendant une tourn\u00e9e en Italie, il tourna le dos \u00e0 la Roumanie et resta dans un camp de r\u00e9fugi\u00e9s jusqu\u2019au moment o\u00f9 les Etats-Unis lui accord\u00e8rent l\u2019asile politique. Ensuite, il d\u00e9m\u00e9nagea \u00e0 New York o\u00f9 il surv\u00e9cut gr\u00e2ce \u00e0 diff\u00e9rents petits m\u00e9tiers, jusqu\u2019\u00e0 ce que le New York City Opera le d\u00e9couvre et lui propose un contrat. Durant cette p\u00e9riode, il accompagna en tourn\u00e9e des stars internationales telles que Margot Fonteyn, Jacques d\u2019Amboise et Melissa Hayden avant d\u2019\u00eatre engag\u00e9 par la compagnie \u00abHouston Ballet\u00bb. C\u2019est l\u00e0 qu\u2019il se d\u00e9chira le tendon d\u2019Achille, ce qui signifiait pour lui la fin de sa carri\u00e8re de danseur.<\/p>\n<p>En 1997, il se rendit \u00e0 Saint Thomas (\u00eeles Vierges), afin de se consacrer \u00e0 l\u2019apprentissage et \u00e0 la pratique du yoga. Durant cette p\u00e9riode sur l\u2019\u00eele, il d\u00e9couvrit la vie int\u00e9rieure du corps humain et d\u00e9veloppa un syst\u00e8me de mouvements qu\u2019il baptisa \u00abyoga pour danseurs\u00bb. Cette m\u00e9thode, connue aujourd\u2019hui sous le nom de <strong class=\"gyrotonic\">GYROKINESIS\u00ae<\/strong>, repr\u00e9sente le d\u00e9veloppement et l\u2019approfondissement de ce syst\u00e8me initial.<\/p>\n<p>Au d\u00e9but des ann\u00e9es 80, Juliu revint \u00e0 New York, o\u00f9 il commen\u00e7a l\u2019enseignement de sa m\u00e9thode unique en son genre. Plus tard, il y ouvrit avec grand succ\u00e8s le studio \u00abWhite Cloud\u00bb o\u00f9 il travailla \u00e0 son syst\u00e8me de mouvements. Il utilisa son \u00e9nergie cr\u00e9ative et d\u00e9veloppa un appareil am\u00e9liorant l\u2019efficacit\u00e9 et la clart\u00e9 de sa pratique: le <strong class=\"gyrotonic\">GYROTONIC EXPANSION SYSTEM\u00ae<\/strong>. Ainsi, il ajouta constamment \u00e0 son enseignement une nouvelle dimension.<\/p>\n<p>Juliu continue d\u2019oeuvrer avec cr\u00e9ativit\u00e9 et, dans le monde entier, il pr\u00e9sente des cours d\u2019entra\u00eenement pour le <strong class=\"gyrotonic\">GYROTONIC\u00ae<\/strong> et le <strong class=\"gyrotonic\">GYROKINESIS\u00ae<\/strong>. De cette mani\u00e8re, il offre aux personnes de tous \u00e2ges et de toutes conditions physiques la possibilit\u00e9 de profiter de son syst\u00e8me.<\/p>\n<p><strong class=\"gyrotonic\">GYROTONIC\u00ae<\/strong>, <strong class=\"gyrotonic\">GYROKINESIS\u00ae<\/strong> et <strong class=\"gyrotonic\">GYROTONIC EXPANSION SYSTEM\u00ae<\/strong> sont des marques commerciales prot\u00e9g\u00e9es de Gyrotonic Sales Corp. Elles ont \u00e9t\u00e9 employ\u00e9es avec son autorisation<\/p>\n","protected":false},"excerpt":{"rendered":"<p>Juliu Horvath (1942 -) fondateur du syst\u00e8me GYROTONIC\u00ae et de GYROKINESIS\u00ae Juliu Horvath (1942 -) fondateur du syst\u00e8me GYROTONIC\u00ae et de GYROKINESIS\u00ae Juliu Horvath est n\u00e9 en Roumanie. D\u00e9j\u00e0 pendant sa tendre enfance, son amour du mouvement se manifestait par ses succ\u00e8s en natation, en&#8230;<\/p>\n","protected":false},"author":1,"featured_media":0,"parent":333,"menu_order":0,"comment_status":"closed","ping_status":"closed","template":"","meta":{"footnotes":""},"class_list":["post-54","page","type-page","status-publish","hentry"],"_links":{"self":[{"href":"https:\/\/www.pilatesgstaad.ch\/fr\/wp-json\/wp\/v2\/pages\/54","targetHints":{"allow":["GET"]}}],"collection":[{"href":"https:\/\/www.pilatesgstaad.ch\/fr\/wp-json\/wp\/v2\/pages"}],"about":[{"href":"https:\/\/www.pilatesgstaad.ch\/fr\/wp-json\/wp\/v2\/types\/page"}],"author":[{"embeddable":true,"href":"https:\/\/www.pilatesgstaad.ch\/fr\/wp-json\/wp\/v2\/users\/1"}],"replies":[{"embeddable":true,"href":"https:\/\/www.pilatesgstaad.ch\/fr\/wp-json\/wp\/v2\/comments?post=54"}],"version-history":[{"count":5,"href":"https:\/\/www.pilatesgstaad.ch\/fr\/wp-json\/wp\/v2\/pages\/54\/revisions"}],"predecessor-version":[{"id":650,"href":"https:\/\/www.pilatesgstaad.ch\/fr\/wp-json\/wp\/v2\/pages\/54\/revisions\/650"}],"up":[{"embeddable":true,"href":"https:\/\/www.pilatesgstaad.ch\/fr\/wp-json\/wp\/v2\/pages\/333"}],"wp:attachment":[{"href":"https:\/\/www.pilatesgstaad.ch\/fr\/wp-json\/wp\/v2\/media?parent=54"}],"curies":[{"name":"wp","href":"https:\/\/api.w.org\/{rel}","templated":true}]}}