{"id":60,"date":"2016-08-02T06:54:09","date_gmt":"2016-08-02T06:54:09","guid":{"rendered":"http:\/\/2016.pilatesgstaad.ch\/fr\/?page_id=60"},"modified":"2017-05-09T09:18:52","modified_gmt":"2017-05-09T07:18:52","slug":"natasha-lutz","status":"publish","type":"page","link":"https:\/\/www.pilatesgstaad.ch\/fr\/monitrices\/natasha-lutz\/","title":{"rendered":"Natasha Lutz"},"content":{"rendered":"<div style=\"text-align: center;\"><img loading=\"lazy\" decoding=\"async\" title=\"Natasha Lutz\" src=\"http:\/\/2016.pilatesgstaad.ch\/wp-content\/uploads\/2016\/08\/Natasha-Lutz.jpg\" alt=\"Natasha Lutz\" width=\"330\" height=\"308\" \/><\/div>\n<p><\/br><\/p>\n<h2>Natasha Lutz: propri\u00e9taire\/directrice, monitrice responsable du Pilates, GYROTONIC\u00ae et GYROKINESIS\u00ae, Pilates formatrice d\u2019entra\u00eeneurs<\/h2>\n<p>Natasha Lutz a fond\u00e9 le Pilates Studio Gstaad en d\u00e9cembre 2004 afin de proposer aux habitants et visiteurs du Saanenland un enseignement du Pilates d\u2019un niveau incomparable, et de familiariser le public avec les effets positifs du Pilates.<\/p>\n<p>Avant de venir en Suisse, Natasha a v\u00e9cu pendant six ans \u00e0 Londres, o\u00f9 elle a \u00e9tudi\u00e9 le Pilates et obtenu une certification aupr\u00e8s de la Pilates Foundation UK, Ltd. Durant son s\u00e9jour en Angleterre, Natasha a pu approfondir ses exp\u00e9riences en Pilates en participant \u00e0 de nombreuses formations continues et en enseignant dans diff\u00e9rents studios de la ville de Londres.<\/p>\n<p>Natasha applique une m\u00e9thode d\u2019entra\u00eenement syst\u00e9mique et pleine de douceur. Elle reste attentive \u00e0 l\u2019\u00e9tat mental et spirituel de chaque client et d\u00e9veloppe un programme lui permettant de se sentir \u00e9quilibr\u00e9, frais et dispos. Elle utilise souvent ses connaissances dans d\u2019autres domaines tels que le yoga, la technique des parties molles et l\u2019entra\u00eenement vibratoire Galileo, combinant ces diff\u00e9rentes techniques pour l\u2019entra\u00eenement de ses clients.<\/p>\n<p>Natasha est enthousiaste et croit fermement aux avantages du Pilates dans la vie quotidienne, ce qui l\u2019a incit\u00e9e, avec d\u2019autres moniteurs de Pilates, \u00e0 fonder l\u2019Association suisse de Pilates. L\u2019association est une organisation \u00e0 but non lucratif dont la finalit\u00e9\u00a0 est de prot\u00e9ger et de maintenir les standards de qualit\u00e9 \u00e9lev\u00e9s de l&rsquo;enseignement du Pilates en Suisse.<\/p>\n","protected":false},"excerpt":{"rendered":"<p>Natasha Lutz: propri\u00e9taire\/directrice, monitrice responsable du Pilates, GYROTONIC\u00ae et GYROKINESIS\u00ae, Pilates formatrice d\u2019entra\u00eeneurs Natasha Lutz a fond\u00e9 le Pilates Studio Gstaad en d\u00e9cembre 2004 afin de proposer aux habitants et visiteurs du Saanenland un enseignement du Pilates d\u2019un niveau incomparable, et de familiariser le public&#8230;<\/p>\n","protected":false},"author":1,"featured_media":0,"parent":339,"menu_order":0,"comment_status":"closed","ping_status":"closed","template":"","meta":{"footnotes":""},"class_list":["post-60","page","type-page","status-publish","hentry"],"_links":{"self":[{"href":"https:\/\/www.pilatesgstaad.ch\/fr\/wp-json\/wp\/v2\/pages\/60","targetHints":{"allow":["GET"]}}],"collection":[{"href":"https:\/\/www.pilatesgstaad.ch\/fr\/wp-json\/wp\/v2\/pages"}],"about":[{"href":"https:\/\/www.pilatesgstaad.ch\/fr\/wp-json\/wp\/v2\/types\/page"}],"author":[{"embeddable":true,"href":"https:\/\/www.pilatesgstaad.ch\/fr\/wp-json\/wp\/v2\/users\/1"}],"replies":[{"embeddable":true,"href":"https:\/\/www.pilatesgstaad.ch\/fr\/wp-json\/wp\/v2\/comments?post=60"}],"version-history":[{"count":5,"href":"https:\/\/www.pilatesgstaad.ch\/fr\/wp-json\/wp\/v2\/pages\/60\/revisions"}],"predecessor-version":[{"id":656,"href":"https:\/\/www.pilatesgstaad.ch\/fr\/wp-json\/wp\/v2\/pages\/60\/revisions\/656"}],"up":[{"embeddable":true,"href":"https:\/\/www.pilatesgstaad.ch\/fr\/wp-json\/wp\/v2\/pages\/339"}],"wp:attachment":[{"href":"https:\/\/www.pilatesgstaad.ch\/fr\/wp-json\/wp\/v2\/media?parent=60"}],"curies":[{"name":"wp","href":"https:\/\/api.w.org\/{rel}","templated":true}]}}