{"id":79,"date":"2016-08-02T07:00:36","date_gmt":"2016-08-02T07:00:36","guid":{"rendered":"http:\/\/2016.pilatesgstaad.ch\/fr\/?page_id=79"},"modified":"2023-06-23T09:19:27","modified_gmt":"2023-06-23T07:19:27","slug":"informations-pour-les-cours-et-tarifs","status":"publish","type":"page","link":"https:\/\/www.pilatesgstaad.ch\/fr\/informations-pour-les-cours-et-tarifs\/","title":{"rendered":"Cours et tarifs"},"content":{"rendered":"<h2>COURS ET TARIFS<\/h2>\n<table style=\"height: 498px;\" border=\"0\" width=\"700\" cellspacing=\"0\" cellpadding=\"0\">\n<tbody>\n<tr>\n<td style=\"width: 450px;\" align=\"left\" valign=\"top\"><strong>Cours priv\u00e9 de Pilates<\/strong><\/td>\n<td style=\"width: 90px; text-align: center;\" align=\"center\" valign=\"top\">55 minutes<\/td>\n<td style=\"width: 100px;\" align=\"center\" valign=\"top\">CHF 170.-<\/td>\n<\/tr>\n<tr class=\"coloredRow\" style=\"height: 40px;\" valign=\"middle\">\n<td style=\"height: 40px;\"><strong>Cours duo de Pilates<br \/>\n<\/strong>(2 personnes)<\/td>\n<td style=\"text-align: center;\" align=\"center\" valign=\"middle\">55 minutes<\/td>\n<td align=\"center\" valign=\"middle\">CHF 105.-<br \/>\npar personne<\/td>\n<\/tr>\n<tr>\n<td valign=\"middle\"><strong>Cours priv\u00e9 FaceTime\/Skype de Pilates<\/strong><\/td>\n<td style=\"text-align: center;\" align=\"center\" valign=\"middle\">55 minutes<\/td>\n<td align=\"center\" valign=\"middle\">CHF 155.-<\/td>\n<\/tr>\n<tr class=\"coloredRow\">\n<td valign=\"middle\"><strong>Cours duo FaceTime\/Skype de Pilates<br \/>\n<\/strong>(2 personnes)<\/td>\n<td style=\"text-align: center;\" align=\"center\" valign=\"middle\">55 minutes<\/td>\n<td align=\"center\" valign=\"middle\">CHF 95.-<br \/>\npar personne<\/td>\n<\/tr>\n<tr>\n<td><strong>Cours priv\u00e9 de GYROTONIC\u00ae<\/strong><\/td>\n<td style=\"text-align: center;\" align=\"center\">55 minutes<\/td>\n<td align=\"center\">CHF 180.-<\/td>\n<\/tr>\n<tr class=\"coloredRow\">\n<td valign=\"middle\"><strong>Cours priv\u00e9 de Vinyasa Yoga<\/strong><\/td>\n<td style=\"text-align: center;\" align=\"center\" valign=\"middle\">\u00a055 minutes<\/td>\n<td align=\"center\" valign=\"middle\">CHF 175.-<\/td>\n<\/tr>\n<\/tbody>\n<tbody>\n<tr>\n<td><strong>Cours duo de Vinyasa Yoga<br \/>\n<\/strong>(2 personnes)<\/td>\n<td style=\"text-align: center;\" align=\"center\">55 minutes<\/td>\n<td align=\"center\">CHF 105.-<br \/>\npar personne<\/td>\n<\/tr>\n<\/tbody>\n<tbody>\n<tr class=\"coloredRow\">\n<td><strong>Cours priv\u00e9 FaceTime\/Skype de Vinyasa Yoga<\/strong><\/td>\n<td style=\"text-align: center;\" align=\"center\">55 minutes<\/td>\n<td align=\"center\">CHF 155.-<\/td>\n<\/tr>\n<\/tbody>\n<tbody>\n<tr>\n<td><strong>Cours duo FaceTime\/Skype de Vinyasa Yoga<br \/>\n<\/strong>(2 personnes)<\/td>\n<td style=\"text-align: center;\" align=\"center\">55 minutes<\/td>\n<td align=\"center\">CHF 95.-<br \/>\npar personne<\/td>\n<\/tr>\n<\/tbody>\n<\/table>\n<p>Pour vous \u00e9viter toute d\u00e9ception, nous vous recommandons une r\u00e9servation pr\u00e9alable.<\/p>\n<p>Attention: toute annulation doit \u00eatre faite au minimum 48 h avant, sinon, le prix complet sera factur\u00e9.<\/p>\n<p><a href=\"http:\/\/www.pilatesgstaad.ch\/wp-content\/uploads\/2017\/06\/img_sahasrara_6.jpg\"><img loading=\"lazy\" decoding=\"async\" class=\"alignnone size-full wp-image-712\" src=\"http:\/\/www.pilatesgstaad.ch\/wp-content\/uploads\/2017\/06\/img_sahasrara_6.jpg\" alt=\"img_sahasrara_6\" width=\"1280\" height=\"720\" srcset=\"https:\/\/www.pilatesgstaad.ch\/wp-content\/uploads\/2017\/06\/img_sahasrara_6.jpg 1280w, https:\/\/www.pilatesgstaad.ch\/wp-content\/uploads\/2017\/06\/img_sahasrara_6-300x169.jpg 300w, https:\/\/www.pilatesgstaad.ch\/wp-content\/uploads\/2017\/06\/img_sahasrara_6-768x432.jpg 768w, https:\/\/www.pilatesgstaad.ch\/wp-content\/uploads\/2017\/06\/img_sahasrara_6-1024x576.jpg 1024w, https:\/\/www.pilatesgstaad.ch\/wp-content\/uploads\/2017\/06\/img_sahasrara_6-700x394.jpg 700w, https:\/\/www.pilatesgstaad.ch\/wp-content\/uploads\/2017\/06\/img_sahasrara_6-539x303.jpg 539w\" sizes=\"auto, (max-width: 1280px) 100vw, 1280px\" \/><\/a><\/p>\n","protected":false},"excerpt":{"rendered":"<p>COURS ET TARIFS Cours priv\u00e9 de Pilates 55 minutes CHF 170.- Cours duo de Pilates (2 personnes) 55 minutes CHF 105.- par personne Cours priv\u00e9 FaceTime\/Skype de Pilates 55 minutes CHF 155.- Cours duo FaceTime\/Skype de Pilates (2 personnes) 55 minutes CHF 95.- par personne&#8230;<\/p>\n","protected":false},"author":1,"featured_media":0,"parent":0,"menu_order":0,"comment_status":"closed","ping_status":"closed","template":"","meta":{"footnotes":""},"class_list":["post-79","page","type-page","status-publish","hentry"],"_links":{"self":[{"href":"https:\/\/www.pilatesgstaad.ch\/fr\/wp-json\/wp\/v2\/pages\/79","targetHints":{"allow":["GET"]}}],"collection":[{"href":"https:\/\/www.pilatesgstaad.ch\/fr\/wp-json\/wp\/v2\/pages"}],"about":[{"href":"https:\/\/www.pilatesgstaad.ch\/fr\/wp-json\/wp\/v2\/types\/page"}],"author":[{"embeddable":true,"href":"https:\/\/www.pilatesgstaad.ch\/fr\/wp-json\/wp\/v2\/users\/1"}],"replies":[{"embeddable":true,"href":"https:\/\/www.pilatesgstaad.ch\/fr\/wp-json\/wp\/v2\/comments?post=79"}],"version-history":[{"count":11,"href":"https:\/\/www.pilatesgstaad.ch\/fr\/wp-json\/wp\/v2\/pages\/79\/revisions"}],"predecessor-version":[{"id":873,"href":"https:\/\/www.pilatesgstaad.ch\/fr\/wp-json\/wp\/v2\/pages\/79\/revisions\/873"}],"wp:attachment":[{"href":"https:\/\/www.pilatesgstaad.ch\/fr\/wp-json\/wp\/v2\/media?parent=79"}],"curies":[{"name":"wp","href":"https:\/\/api.w.org\/{rel}","templated":true}]}}