{"id":85,"date":"2016-08-02T07:02:52","date_gmt":"2016-08-02T07:02:52","guid":{"rendered":"http:\/\/2016.pilatesgstaad.ch\/fr\/?page_id=85"},"modified":"2017-06-15T10:06:09","modified_gmt":"2017-06-15T08:06:09","slug":"atelier-pour-les-clients","status":"publish","type":"page","link":"https:\/\/www.pilatesgstaad.ch\/fr\/atelier-pour-les-clients\/","title":{"rendered":"Atelier pour les clients"},"content":{"rendered":"<h2>Atelier pour les clients<\/h2>\n<p>\nPendant toute l\u2019ann\u00e9e, nous vous proposons diff\u00e9rents ateliers complets bas\u00e9s sur le Pilates et l&rsquo;entra\u00eenement <strong>GYROTONIC\u00ae Expansion System<\/strong>. <span lang=\"fr\">Veuillez contacter directement le studio pour plus d&rsquo;informations<\/span>, <a href=\"mailto:info@pilatesgstaad.ch\">info@pilatesgstaad.ch<\/a><\/p>\n<p><a href=\"http:\/\/www.pilatesgstaad.ch\/wp-content\/uploads\/2017\/06\/img_sahasrara_4.jpg\"><img loading=\"lazy\" decoding=\"async\" class=\"alignnone size-full wp-image-710\" src=\"http:\/\/www.pilatesgstaad.ch\/wp-content\/uploads\/2017\/06\/img_sahasrara_4.jpg\" alt=\"img_sahasrara_4\" width=\"1280\" height=\"720\" srcset=\"https:\/\/www.pilatesgstaad.ch\/wp-content\/uploads\/2017\/06\/img_sahasrara_4.jpg 1280w, https:\/\/www.pilatesgstaad.ch\/wp-content\/uploads\/2017\/06\/img_sahasrara_4-300x169.jpg 300w, https:\/\/www.pilatesgstaad.ch\/wp-content\/uploads\/2017\/06\/img_sahasrara_4-768x432.jpg 768w, https:\/\/www.pilatesgstaad.ch\/wp-content\/uploads\/2017\/06\/img_sahasrara_4-1024x576.jpg 1024w, https:\/\/www.pilatesgstaad.ch\/wp-content\/uploads\/2017\/06\/img_sahasrara_4-700x394.jpg 700w, https:\/\/www.pilatesgstaad.ch\/wp-content\/uploads\/2017\/06\/img_sahasrara_4-539x303.jpg 539w\" sizes=\"auto, (max-width: 1280px) 100vw, 1280px\" \/><\/a><\/p>\n","protected":false},"excerpt":{"rendered":"<p>Atelier pour les clients Pendant toute l\u2019ann\u00e9e, nous vous proposons diff\u00e9rents ateliers complets bas\u00e9s sur le Pilates et l&rsquo;entra\u00eenement GYROTONIC\u00ae Expansion System. Veuillez contacter directement le studio pour plus d&rsquo;informations, info@pilatesgstaad.ch<\/p>\n","protected":false},"author":1,"featured_media":0,"parent":0,"menu_order":0,"comment_status":"closed","ping_status":"closed","template":"","meta":{"footnotes":""},"class_list":["post-85","page","type-page","status-publish","hentry"],"_links":{"self":[{"href":"https:\/\/www.pilatesgstaad.ch\/fr\/wp-json\/wp\/v2\/pages\/85","targetHints":{"allow":["GET"]}}],"collection":[{"href":"https:\/\/www.pilatesgstaad.ch\/fr\/wp-json\/wp\/v2\/pages"}],"about":[{"href":"https:\/\/www.pilatesgstaad.ch\/fr\/wp-json\/wp\/v2\/types\/page"}],"author":[{"embeddable":true,"href":"https:\/\/www.pilatesgstaad.ch\/fr\/wp-json\/wp\/v2\/users\/1"}],"replies":[{"embeddable":true,"href":"https:\/\/www.pilatesgstaad.ch\/fr\/wp-json\/wp\/v2\/comments?post=85"}],"version-history":[{"count":5,"href":"https:\/\/www.pilatesgstaad.ch\/fr\/wp-json\/wp\/v2\/pages\/85\/revisions"}],"predecessor-version":[{"id":728,"href":"https:\/\/www.pilatesgstaad.ch\/fr\/wp-json\/wp\/v2\/pages\/85\/revisions\/728"}],"wp:attachment":[{"href":"https:\/\/www.pilatesgstaad.ch\/fr\/wp-json\/wp\/v2\/media?parent=85"}],"curies":[{"name":"wp","href":"https:\/\/api.w.org\/{rel}","templated":true}]}}