{"id":91,"date":"2016-08-02T07:04:31","date_gmt":"2016-08-02T07:04:31","guid":{"rendered":"http:\/\/2016.pilatesgstaad.ch\/fr\/?page_id=91"},"modified":"2017-06-15T10:07:51","modified_gmt":"2017-06-15T08:07:51","slug":"formation-de-moniteurs-de-pilates","status":"publish","type":"page","link":"https:\/\/www.pilatesgstaad.ch\/fr\/formation-de-moniteurs-de-pilates\/","title":{"rendered":"Formation et ateliers"},"content":{"rendered":"<h2>Formation et ateliers<\/h2>\n<p>\nNatasha Lutz propose aux futurs moniteurs de Pilates un programme \u00abMat work\u00bb et une formation compl\u00e8te ainsi que des formations continues. Les programmes de formation sont organis\u00e9s comme un apprentissage, de mani\u00e8re \u00e0 permettre aux \u00e9tudiants de se consacrer totalement au Pilates, jour apr\u00e8s jour.<\/p>\n<ul>\n<li><a title=\"Programme d\u2019entra\u00eenement Mat Work\" href=\"http:\/\/www.pilatesgstaad.ch\/wp-content\/uploads\/2016\/12\/Pilates_Mat-work_Training_Program.pdf\">Programme d\u2019entra\u00eenement Mat Work<\/a><\/li>\n<li><a title=\"Programme de formation complet\" href=\"http:\/\/www.pilatesgstaad.ch\/wp-content\/uploads\/2016\/12\/Pilates_Comprehensive_Training_Program.pdf\">Programme de formation complet<br \/>\n<\/a><\/li>\n<li><a title=\"Programme de formation continue le...\" href=\"http:\/\/www.pilatesgstaad.ch\/wp-content\/uploads\/2016\/12\/Pilates_Bridging_Training_Program.pdf\">Programme de formation continue le&#8230;<\/a><br \/>\n(un programme de formation bas\u00e9 sur les engins, pour les moniteurs disposant d\u00e9j\u00e0 d\u2019un certificat pour Mat work)<\/li>\n<\/ul>\n<p><strong>Moniteur de Pilates \u2013 atelier: formation continue<br \/>\n<\/strong>Natasha Lutz propose toute l\u2019ann\u00e9e des ateliers consacr\u00e9s \u00e0 l\u2019entra\u00eenement de Pilates pour rafra\u00eechir les connaissances et poursuivre sa formation. <span lang=\"fr\">Veuillez contacter directement le studio pour plus d&rsquo;informations<\/span>, <a href=\"mailto:info@pilatesgstaad.ch\">info@pilatesgstaad.ch<\/a><\/p>\n<p><a href=\"http:\/\/www.pilatesgstaad.ch\/wp-content\/uploads\/2017\/06\/img_sahasrara_5.jpg\"><img loading=\"lazy\" decoding=\"async\" class=\"alignnone size-full wp-image-711\" src=\"http:\/\/www.pilatesgstaad.ch\/wp-content\/uploads\/2017\/06\/img_sahasrara_5.jpg\" alt=\"img_sahasrara_5\" width=\"1280\" height=\"720\" srcset=\"https:\/\/www.pilatesgstaad.ch\/wp-content\/uploads\/2017\/06\/img_sahasrara_5.jpg 1280w, https:\/\/www.pilatesgstaad.ch\/wp-content\/uploads\/2017\/06\/img_sahasrara_5-300x169.jpg 300w, https:\/\/www.pilatesgstaad.ch\/wp-content\/uploads\/2017\/06\/img_sahasrara_5-768x432.jpg 768w, https:\/\/www.pilatesgstaad.ch\/wp-content\/uploads\/2017\/06\/img_sahasrara_5-1024x576.jpg 1024w, https:\/\/www.pilatesgstaad.ch\/wp-content\/uploads\/2017\/06\/img_sahasrara_5-700x394.jpg 700w, https:\/\/www.pilatesgstaad.ch\/wp-content\/uploads\/2017\/06\/img_sahasrara_5-539x303.jpg 539w\" sizes=\"auto, (max-width: 1280px) 100vw, 1280px\" \/><\/a><\/p>\n","protected":false},"excerpt":{"rendered":"<p>Formation et ateliers Natasha Lutz propose aux futurs moniteurs de Pilates un programme \u00abMat work\u00bb et une formation compl\u00e8te ainsi que des formations continues. Les programmes de formation sont organis\u00e9s comme un apprentissage, de mani\u00e8re \u00e0 permettre aux \u00e9tudiants de se consacrer totalement au Pilates,&#8230;<\/p>\n","protected":false},"author":1,"featured_media":0,"parent":0,"menu_order":0,"comment_status":"closed","ping_status":"closed","template":"","meta":{"footnotes":""},"class_list":["post-91","page","type-page","status-publish","hentry"],"_links":{"self":[{"href":"https:\/\/www.pilatesgstaad.ch\/fr\/wp-json\/wp\/v2\/pages\/91","targetHints":{"allow":["GET"]}}],"collection":[{"href":"https:\/\/www.pilatesgstaad.ch\/fr\/wp-json\/wp\/v2\/pages"}],"about":[{"href":"https:\/\/www.pilatesgstaad.ch\/fr\/wp-json\/wp\/v2\/types\/page"}],"author":[{"embeddable":true,"href":"https:\/\/www.pilatesgstaad.ch\/fr\/wp-json\/wp\/v2\/users\/1"}],"replies":[{"embeddable":true,"href":"https:\/\/www.pilatesgstaad.ch\/fr\/wp-json\/wp\/v2\/comments?post=91"}],"version-history":[{"count":5,"href":"https:\/\/www.pilatesgstaad.ch\/fr\/wp-json\/wp\/v2\/pages\/91\/revisions"}],"predecessor-version":[{"id":731,"href":"https:\/\/www.pilatesgstaad.ch\/fr\/wp-json\/wp\/v2\/pages\/91\/revisions\/731"}],"wp:attachment":[{"href":"https:\/\/www.pilatesgstaad.ch\/fr\/wp-json\/wp\/v2\/media?parent=91"}],"curies":[{"name":"wp","href":"https:\/\/api.w.org\/{rel}","templated":true}]}}